{"id":2205,"date":"2023-02-24T03:49:38","date_gmt":"2023-02-24T03:49:38","guid":{"rendered":"https:\/\/www.westmountdrivingschool.ca\/?page_id=2205"},"modified":"2023-02-24T03:49:39","modified_gmt":"2023-02-24T03:49:39","slug":"how-to-book-saaq-road-exam","status":"publish","type":"page","link":"https:\/\/www.westmountdrivingschool.ca\/fr\/how-to-book-saaq-road-exam\/","title":{"rendered":"How to book SAAQ Road Exam"},"content":{"rendered":"<p>SAAQ (Soci\u00e9t\u00e9 de l&#8217;assurance automobile du Qu\u00e9bec) is responsible for issuing driver&#8217;s licenses in the province of Quebec, Canada. To book a road exam with SAAQ, follow these steps:<\/p>\n\n\n\n<ol class=\"wp-block-list\">\n<li>Visit the SAAQ website at <a href=\"https:\/\/saaq.gouv.qc.ca\/en\/\">https:\/\/saaq.gouv.qc.ca\/en\/<\/a> and click on the &#8220;Online services&#8221; tab.<\/li>\n\n\n\n<li>From the list of available services, select &#8220;Road test appointment&#8221;.<\/li>\n\n\n\n<li>If you have already created an online account with SAAQ, enter your login credentials and proceed to the next step. If you don&#8217;t have an account yet, you will need to create one by providing your personal information, driver&#8217;s license number, and other details.<\/li>\n\n\n\n<li>Once you are logged in to your account, select the type of road test you want to book (e.g., Class 5 road test for passenger vehicles).<\/li>\n\n\n\n<li>Choose your preferred location for taking the test from the list of available SAAQ service centres.<\/li>\n\n\n\n<li>Select a date and time for your road test that is convenient for you.<\/li>\n\n\n\n<li>Confirm your booking and make payment for the test fee online.<\/li>\n\n\n\n<li>You will receive a confirmation email with the details of your road test booking.<\/li>\n<\/ol>\n\n\n\n<p>It is important to note that there may be a waiting period for road test appointments, so it&#8217;s a good idea to plan ahead and book your test well in advance<\/p>","protected":false},"excerpt":{"rendered":"<p>SAAQ (Soci\u00e9t\u00e9 de l&#8217;assurance automobile du Qu\u00e9bec) is responsible for issuing driver&#8217;s licenses in the province of Quebec, Canada. To book a road exam with SAAQ, follow these steps: It &#8230;<\/p>","protected":false},"author":1,"featured_media":0,"parent":0,"menu_order":0,"comment_status":"closed","ping_status":"closed","template":"","meta":{"footnotes":""},"class_list":["post-2205","page","type-page","status-publish","hentry"],"_links":{"self":[{"href":"https:\/\/www.westmountdrivingschool.ca\/fr\/wp-json\/wp\/v2\/pages\/2205","targetHints":{"allow":["GET"]}}],"collection":[{"href":"https:\/\/www.westmountdrivingschool.ca\/fr\/wp-json\/wp\/v2\/pages"}],"about":[{"href":"https:\/\/www.westmountdrivingschool.ca\/fr\/wp-json\/wp\/v2\/types\/page"}],"author":[{"embeddable":true,"href":"https:\/\/www.westmountdrivingschool.ca\/fr\/wp-json\/wp\/v2\/users\/1"}],"replies":[{"embeddable":true,"href":"https:\/\/www.westmountdrivingschool.ca\/fr\/wp-json\/wp\/v2\/comments?post=2205"}],"version-history":[{"count":1,"href":"https:\/\/www.westmountdrivingschool.ca\/fr\/wp-json\/wp\/v2\/pages\/2205\/revisions"}],"predecessor-version":[{"id":2206,"href":"https:\/\/www.westmountdrivingschool.ca\/fr\/wp-json\/wp\/v2\/pages\/2205\/revisions\/2206"}],"wp:attachment":[{"href":"https:\/\/www.westmountdrivingschool.ca\/fr\/wp-json\/wp\/v2\/media?parent=2205"}],"curies":[{"name":"wp","href":"https:\/\/api.w.org\/{rel}","templated":true}]}}