{"id":558,"date":"2019-01-06T00:06:32","date_gmt":"2019-01-06T00:06:32","guid":{"rendered":"https:\/\/www.westmountdrivingschool.ca\/?page_id=558"},"modified":"2026-05-07T02:36:39","modified_gmt":"2026-05-07T02:36:39","slug":"course-for-seniors","status":"publish","type":"page","link":"https:\/\/www.westmountdrivingschool.ca\/fr\/course-for-seniors\/","title":{"rendered":"Course pour seniors"},"content":{"rendered":"<h2 class=\"wp-block-heading\">Notre amour sp\u00e9cial pour les conducteurs \u00e2g\u00e9s<\/h2>\n\n\n<div class=\"wp-block-image\">\n<figure class=\"aligncenter is-resized\"><img loading=\"lazy\" decoding=\"async\" width=\"640\" height=\"640\" src=\"https:\/\/www.westmountdrivingschool.ca\/wp-content\/uploads\/2019\/05\/design-3062508_640.jpg\" alt=\"\" class=\"wp-image-1548\" style=\"width:316px;height:316px\" srcset=\"https:\/\/www.westmountdrivingschool.ca\/wp-content\/uploads\/2019\/05\/design-3062508_640.jpg 640w, https:\/\/www.westmountdrivingschool.ca\/wp-content\/uploads\/2019\/05\/design-3062508_640-150x150.jpg 150w, https:\/\/www.westmountdrivingschool.ca\/wp-content\/uploads\/2019\/05\/design-3062508_640-300x300.jpg 300w\" sizes=\"auto, (max-width: 640px) 100vw, 640px\" \/><\/figure>\n<\/div>\n\n\n<p>L'\u00e9cole de conduite Westmount \u00e0 Montr\u00e9al dessert plus de conducteurs seniors que toute autre \u00e9cole de conduite \u00e0 Montr\u00e9al. Nos instructeurs de conduite certifi\u00e9s et form\u00e9s veillent toujours \u00e0 leur t\u00e9moigner un soin et un amour particuliers. Le cours de conduite pour seniors est principalement ax\u00e9 sur les besoins des conducteurs plus \u00e2g\u00e9s. Les conducteurs seniors peuvent mettre \u00e0 jour et am\u00e9liorer leurs comp\u00e9tences, leurs connaissances et s'entra\u00eener \u00e0 des man\u0153uvres sp\u00e9ciales adapt\u00e9es \u00e0 leur \u00e2ge. De plus, les apprenants seniors peuvent \u00e9galement modifier leurs habitudes de conduite. <br>Nombre total de sessions de conduite : selon les conducteurs exp\u00e9riment\u00e9s, ils en ont besoin. Heures recommand\u00e9es \u2013 2, 4, 8, 12 <br>Dur\u00e9e de la session de conduite : 55 minutes<br>Permis de conduire qu\u00e9b\u00e9cois valide requis. <br><strong>Cours de conduite pour seniors<\/strong>: <br>1. Stage de perfectionnement de conduite en ville ou sur autoroute<br>2. Pr\u00e9paration obligatoire \u00e0 l'examen de conduite de la SAAQ pour les personnes \u00e2g\u00e9es<br>3. Signalisation routi\u00e8re et conditions m\u00e9t\u00e9orologiques hivernales : pratique<\/p>\n\n\n\n<p class=\"has-text-align-center\">Cours de conduite pour seniors, pour plus d'informations, contactez-nous :<\/p>\n\n\n\n<h2 class=\"wp-block-heading has-text-align-center\"><br><strong>514-558-<\/strong>2223<\/h2>\n\n\n\n<h2 class=\"wp-block-heading has-text-align-center\"><strong><a href=\"https:\/\/www.westmountdrivingschool.ca\/fr\/register-online\/\">Inscription<\/a><\/strong><\/h2>\n\n\n\n<p><\/p>\n\n\n\n<p class=\"has-text-align-center\"><br><img loading=\"lazy\" decoding=\"async\" width=\"128\" height=\"128\" class=\"wp-image-1365\" style=\"width: 128px;\" src=\"https:\/\/www.westmountdrivingschool.ca\/wp-content\/uploads\/2017\/12\/1470399667_Newsletter.png\" alt=\"\"><\/p>\n\n\n\n<p><br>                 <\/p>","protected":false},"excerpt":{"rendered":"<p>Our special Love for Senior drivers Westmount Driving School in Montreal serves more senior drivers than any other driving school in Montreal. Our certified trained driving instructors always make sure &#8230;<\/p>","protected":false},"author":1,"featured_media":0,"parent":0,"menu_order":0,"comment_status":"closed","ping_status":"closed","template":"","meta":{"footnotes":""},"class_list":["post-558","page","type-page","status-publish","hentry"],"_links":{"self":[{"href":"https:\/\/www.westmountdrivingschool.ca\/fr\/wp-json\/wp\/v2\/pages\/558","targetHints":{"allow":["GET"]}}],"collection":[{"href":"https:\/\/www.westmountdrivingschool.ca\/fr\/wp-json\/wp\/v2\/pages"}],"about":[{"href":"https:\/\/www.westmountdrivingschool.ca\/fr\/wp-json\/wp\/v2\/types\/page"}],"author":[{"embeddable":true,"href":"https:\/\/www.westmountdrivingschool.ca\/fr\/wp-json\/wp\/v2\/users\/1"}],"replies":[{"embeddable":true,"href":"https:\/\/www.westmountdrivingschool.ca\/fr\/wp-json\/wp\/v2\/comments?post=558"}],"version-history":[{"count":15,"href":"https:\/\/www.westmountdrivingschool.ca\/fr\/wp-json\/wp\/v2\/pages\/558\/revisions"}],"predecessor-version":[{"id":2871,"href":"https:\/\/www.westmountdrivingschool.ca\/fr\/wp-json\/wp\/v2\/pages\/558\/revisions\/2871"}],"wp:attachment":[{"href":"https:\/\/www.westmountdrivingschool.ca\/fr\/wp-json\/wp\/v2\/media?parent=558"}],"curies":[{"name":"wp","href":"https:\/\/api.w.org\/{rel}","templated":true}]}}