{"id":560,"date":"2019-01-06T00:06:32","date_gmt":"2019-01-06T00:06:32","guid":{"rendered":"https:\/\/www.westmountdrivingschool.ca\/?page_id=560"},"modified":"2026-05-07T02:35:00","modified_gmt":"2026-05-07T02:35:00","slug":"special-driving-conditions","status":"publish","type":"page","link":"https:\/\/www.westmountdrivingschool.ca\/fr\/special-driving-conditions\/","title":{"rendered":"Conditions de conduite sp\u00e9ciales"},"content":{"rendered":"<h2 class=\"wp-block-heading\">Stages Hiver, Route, Nuit, Conduite sur neige<\/h2>\n\n\n<div class=\"wp-block-image\">\n<figure class=\"aligncenter is-resized\"><img loading=\"lazy\" decoding=\"async\" width=\"960\" height=\"638\" src=\"https:\/\/www.westmountdrivingschool.ca\/wp-content\/uploads\/2019\/05\/old-man-23793_960_720.png\" alt=\"\" class=\"wp-image-1566\" style=\"width:382px;height:253px\" srcset=\"https:\/\/www.westmountdrivingschool.ca\/wp-content\/uploads\/2019\/05\/old-man-23793_960_720.png 960w, https:\/\/www.westmountdrivingschool.ca\/wp-content\/uploads\/2019\/05\/old-man-23793_960_720-300x199.png 300w, https:\/\/www.westmountdrivingschool.ca\/wp-content\/uploads\/2019\/05\/old-man-23793_960_720-768x510.png 768w\" sizes=\"auto, (max-width: 960px) 100vw, 960px\" \/><\/figure>\n<\/div>\n\n\n<p class=\"has-text-align-center\">L'\u00e9cole de conduite Westmount, situ\u00e9e au centre-ville de Montr\u00e9al, offre des forfaits de cours de conduite \u00e0 conditions sp\u00e9ciales \u00e0 partir de 4, 8, 12, 15 (55 minutes) cours.<\/p>\n\n\n\n<ul class=\"wp-block-list\">\n<li><strong>Le cours de conduite sp\u00e9cial comprend :<\/strong><\/li>\n\n\n\n<li>Cours de conduite hivernale<\/li>\n\n\n\n<li>Cours de conduite sur neige<\/li>\n\n\n\n<li>Cours de conduite de nuit<\/li>\n\n\n\n<li>Cours de conduite sur autoroute<\/li>\n\n\n\n<li>Cours de perfectionnement \u00e0 la conduite<\/li>\n\n\n\n<li>Cours de conduite sp\u00e9ciaux pour conducteurs peu s\u00fbrs <\/li>\n<\/ul>\n\n\n\n<p>Am\u00e9liorez vos comp\u00e9tences de conduite gr\u00e2ce \u00e0 nos cours sp\u00e9cialis\u00e9s con\u00e7us pour les conditions routi\u00e8res difficiles. Que vous conduisiez dans la neige, sur autoroute ou la nuit, nos instructeurs experts vous pr\u00e9pareront \u00e0 g\u00e9rer toutes les situations en toute s\u00e9curit\u00e9 et avec assurance.<\/p>\n\n\n\n<hr class=\"wp-block-separator has-alpha-channel-opacity\"\/>\n\n\n\n<h2 class=\"wp-block-heading\"><strong>Stage de conduite hivernale<\/strong>&nbsp;\u2744\ufe0f<\/h2>\n\n\n\n<p>Conduire dans des conditions hivernales peut \u00eatre difficile et dangereux. Nos&nbsp;<strong>Stage de conduite hivernale<\/strong>&nbsp;vous apprend \u00e0 garder le contr\u00f4le sur les routes glac\u00e9es et enneig\u00e9es.<\/p>\n\n\n\n<h3 class=\"wp-block-heading\"><strong>Ce que vous apprendrez :<\/strong><\/h3>\n\n\n\n<p>Comment conduire en toute s\u00e9curit\u00e9 sur la neige et la glace<br>\u2714\ufe0f Techniques de freinage appropri\u00e9es pour \u00e9viter le d\u00e9rapage<br>\u2714\ufe0f Maintenir le contr\u00f4le dans des conditions glissantes<br>Comment g\u00e9rer les arr\u00eats brusques et les situations d'urgence<br>\u2714\ufe0f Comprendre les pneus d'hiver et la pr\u00e9paration du v\u00e9hicule<\/p>\n\n\n\n<p><strong>Id\u00e9al pour :<\/strong>&nbsp;Nouveaux conducteurs, conducteurs nerveux, ou toute personne cherchant \u00e0 am\u00e9liorer ses comp\u00e9tences de conduite hivernale.<\/p>\n\n\n\n<hr class=\"wp-block-separator has-alpha-channel-opacity\"\/>\n\n\n\n<h2 class=\"wp-block-heading\"><strong>Cours de conduite sur autoroute<\/strong>&nbsp;Route<\/h2>\n\n\n\n<p>Les routes \u00e0 grande vitesse exigent des comp\u00e9tences particuli\u00e8res. Notre&nbsp;<strong>Cours de conduite sur autoroute<\/strong>&nbsp;vous aide \u00e0 vous sentir en confiance sur les autoroutes, les voies rapides et les voies express.<\/p>\n\n\n\n<h3 class=\"wp-block-heading\"><strong>Ce que vous apprendrez :<\/strong><\/h3>\n\n\n\n<p>\u2714\ufe0f Techniques de fusion et de sortie s\u00e9curis\u00e9es<br>\u2714\ufe0f Utilisation correcte des voies et d\u00e9passement<br>\u2714\ufe0f Maintenir des distances de s\u00e9curit\u00e9 suffisantes<br>\u2714\ufe0f Gestion du trafic \u00e0 grande vitesse et de la signalisation routi\u00e8re<br>\u2714\ufe0f Freinage d'urgence et strat\u00e9gies de conduite d\u00e9fensive<\/p>\n\n\n\n<p><strong>Id\u00e9al pour :<\/strong>&nbsp;Nouveaux conducteurs, conducteurs nerveux sur l'autoroute, ou ceux qui passent de la conduite en ville \u00e0 l'autoroute.<\/p>\n\n\n\n<hr class=\"wp-block-separator has-alpha-channel-opacity\"\/>\n\n\n\n<h2 class=\"wp-block-heading\"><strong>Stage de conduite de nuit<\/strong>&nbsp;\ud83c\udf19<\/h2>\n\n\n\n<p>La visibilit\u00e9 r\u00e9duite la nuit peut \u00eatre difficile. Notre&nbsp;<strong>Stage de conduite de nuit<\/strong>&nbsp;assure que vous d\u00e9veloppez les bonnes techniques pour conduire en toute s\u00e9curit\u00e9 dans des conditions de faible luminosit\u00e9.<\/p>\n\n\n\n<h3 class=\"wp-block-heading\"><strong>Ce que vous apprendrez :<\/strong><\/h3>\n\n\n\n<p>Comment s'adapter \u00e0 une visibilit\u00e9 r\u00e9duite<br>Utilisation appropri\u00e9e des phares et des feux de route<br>\u2714\ufe0f Identifier et r\u00e9agir aux dangers de la route<br>\u2714\ufe0f G\u00e9rer l'\u00e9blouissement des v\u00e9hicules venant en sens inverse<br>\u2714\ufe0f G\u00e9rer la fatigue et rester alerte<\/p>\n\n\n\n<p><strong>Id\u00e9al pour :<\/strong>&nbsp;Nouveaux conducteurs, ceux qui ne sont pas \u00e0 l'aise en conduisant la nuit, ou toute personne souhaitant am\u00e9liorer ses comp\u00e9tences de conduite nocturne.<\/p>\n\n\n\n<hr class=\"wp-block-separator has-alpha-channel-opacity\"\/>\n\n\n\n<h2 class=\"wp-block-heading\"><strong>Cours de conduite sur neige<\/strong>&nbsp;\u2744\ufe0f\ud83d\ude97<\/h2>\n\n\n\n<p>Les fortes chutes de neige peuvent cr\u00e9er des conditions de conduite dangereuses. Notre&nbsp;<strong>Cours de conduite sur neige<\/strong>&nbsp;offre une exp\u00e9rience pratique pour vous aider \u00e0 naviguer en toute s\u00e9curit\u00e9 sur les routes enneig\u00e9es.<\/p>\n\n\n\n<h3 class=\"wp-block-heading\"><strong>Ce que vous apprendrez :<\/strong><\/h3>\n\n\n\n<p>\u2714\ufe0f Techniques de conduite s\u00e9curitaire dans la neige profonde et la gadoue<br>Comment g\u00e9rer le patinage des roues et la perte d'adh\u00e9rence<br>\u2714\ufe0f Freinage et direction efficaces sur neige<br>\u2714\ufe0f Pr\u00e9parer votre voiture pour les conditions hivernales<br>\u2714\ufe0f Que faire si vous \u00eates bloqu\u00e9 dans la neige<\/p>\n\n\n\n<p><strong>Id\u00e9al pour :<\/strong>&nbsp;Les conducteurs vivant dans les r\u00e9gions enneig\u00e9es, les navetteurs et ceux qui veulent am\u00e9liorer leur confiance au volant en hiver.<\/p>\n\n\n\n<hr class=\"wp-block-separator has-alpha-channel-opacity\"\/>\n\n\n\n<h2 class=\"wp-block-heading\"><strong>Pourquoi choisir nos cours de conduite sp\u00e9cialis\u00e9s ?<\/strong><\/h2>\n\n\n\n<p>\u2714\ufe0f&nbsp;<strong>Instructeurs certifi\u00e9s et exp\u00e9riment\u00e9s<\/strong>&nbsp;\u2013 Apprenez aupr\u00e8s de professionnels sp\u00e9cialis\u00e9s dans les conditions de conduite difficiles.<br>\u2714\ufe0f&nbsp;<strong>Entra\u00eenement dans le monde r\u00e9el<\/strong>&nbsp;\u2013 Pratique concr\u00e8te dans des conditions m\u00e9t\u00e9orologiques et routi\u00e8res r\u00e9elles.<br>\u2714\ufe0f&nbsp;<strong>Horaire flexible<\/strong>&nbsp;\u2013 Cours de jour, de soir et de fin de semaine disponibles.<br>\u2714\ufe0f&nbsp;<strong>Prix abordables<\/strong>&nbsp;\u2013 Tarifs comp\u00e9titifs sans frais cach\u00e9s.<br>\u2714\ufe0f&nbsp;<strong>Cours personnalis\u00e9s<\/strong>&nbsp;\u2013 Adapt\u00e9 \u00e0 vos besoins et \u00e0 votre niveau de comp\u00e9tence.<\/p>\n\n\n\n<h2 class=\"wp-block-heading has-text-align-center\"><strong>Pour des conditions de conduite sp\u00e9ciales, contactez-nous : <\/strong><br><br><strong>514-<\/strong>558-2223<\/h2>\n\n\n\n<h2 class=\"wp-block-heading has-text-align-center\"><a href=\"https:\/\/www.westmountdrivingschool.ca\/fr\/register-online\/\"><strong>Inscription <\/strong><\/a><\/h2>\n\n\n<div class=\"wp-block-image\">\n<figure class=\"aligncenter\"><img loading=\"lazy\" decoding=\"async\" width=\"128\" height=\"128\" src=\"https:\/\/www.westmountdrivingschool.ca\/wp-content\/uploads\/2017\/12\/1470399667_Newsletter.png\" alt=\"\" class=\"wp-image-1365\"\/><\/figure>\n<\/div>\n\n\n<p><\/p>","protected":false},"excerpt":{"rendered":"<p>Special Winter, Highway, Night, Snow Driving courses Westmount driving school in Montreal downtown offers special conditions driving course packages starting from 4, 8, 12, 15 (55 minutes) class. Improve your &#8230;<\/p>","protected":false},"author":1,"featured_media":0,"parent":0,"menu_order":0,"comment_status":"closed","ping_status":"closed","template":"","meta":{"footnotes":""},"class_list":["post-560","page","type-page","status-publish","hentry"],"_links":{"self":[{"href":"https:\/\/www.westmountdrivingschool.ca\/fr\/wp-json\/wp\/v2\/pages\/560","targetHints":{"allow":["GET"]}}],"collection":[{"href":"https:\/\/www.westmountdrivingschool.ca\/fr\/wp-json\/wp\/v2\/pages"}],"about":[{"href":"https:\/\/www.westmountdrivingschool.ca\/fr\/wp-json\/wp\/v2\/types\/page"}],"author":[{"embeddable":true,"href":"https:\/\/www.westmountdrivingschool.ca\/fr\/wp-json\/wp\/v2\/users\/1"}],"replies":[{"embeddable":true,"href":"https:\/\/www.westmountdrivingschool.ca\/fr\/wp-json\/wp\/v2\/comments?post=560"}],"version-history":[{"count":17,"href":"https:\/\/www.westmountdrivingschool.ca\/fr\/wp-json\/wp\/v2\/pages\/560\/revisions"}],"predecessor-version":[{"id":2870,"href":"https:\/\/www.westmountdrivingschool.ca\/fr\/wp-json\/wp\/v2\/pages\/560\/revisions\/2870"}],"wp:attachment":[{"href":"https:\/\/www.westmountdrivingschool.ca\/fr\/wp-json\/wp\/v2\/media?parent=560"}],"curies":[{"name":"wp","href":"https:\/\/api.w.org\/{rel}","templated":true}]}}